{"id":1087,"date":"2026-03-17T01:21:41","date_gmt":"2026-03-17T01:21:41","guid":{"rendered":"https:\/\/myaiagenthub.com\/?page_id=1087"},"modified":"2026-04-16T22:52:11","modified_gmt":"2026-04-16T22:52:11","slug":"ai-agents","status":"publish","type":"page","link":"https:\/\/myaiagenthub.com\/es\/ai-agents\/","title":{"rendered":"Agentes de IA"},"content":{"rendered":"<div data-elementor-type=\"wp-page\" data-elementor-id=\"1087\" class=\"elementor elementor-1087\">\n\t\t\t\t<div class=\"elementor-element elementor-element-d839afc e-flex e-con-boxed e-con e-parent\" data-id=\"d839afc\" data-element_type=\"container\" data-e-type=\"container\">\n\t\t\t\t\t<div class=\"e-con-inner\">\n\t\t\t\t<div class=\"elementor-element elementor-element-010fd8f elementor-widget elementor-widget-heading\" data-id=\"010fd8f\" data-element_type=\"widget\" data-e-type=\"widget\" data-widget_type=\"heading.default\">\n\t\t\t\t\t<h1 class=\"elementor-heading-title elementor-size-default\">Our AI Agents Page<\/h1>\t\t\t\t<\/div>\n\t\t\t\t\t<\/div>\n\t\t\t\t<\/div>\n\t\t<div class=\"elementor-element elementor-element-1181bb9 e-flex e-con-boxed e-con e-parent\" data-id=\"1181bb9\" data-element_type=\"container\" data-e-type=\"container\">\n\t\t\t\t\t<div class=\"e-con-inner\">\n\t\t<div class=\"elementor-element elementor-element-75f2bed e-con-full e-flex e-con e-child\" data-id=\"75f2bed\" data-element_type=\"container\" data-e-type=\"container\">\n\t\t\t\t<div class=\"elementor-element elementor-element-485ed85 e-transform elementor-widget elementor-widget-image\" data-id=\"485ed85\" data-element_type=\"widget\" data-e-type=\"widget\" data-settings=\"{&quot;_transform_scale_effect_hover&quot;:{&quot;unit&quot;:&quot;px&quot;,&quot;size&quot;:1.399999999999999911182158029987476766109466552734375,&quot;sizes&quot;:[]},&quot;_transform_scale_effect_hover_tablet&quot;:{&quot;unit&quot;:&quot;px&quot;,&quot;size&quot;:&quot;&quot;,&quot;sizes&quot;:[]},&quot;_transform_scale_effect_hover_mobile&quot;:{&quot;unit&quot;:&quot;px&quot;,&quot;size&quot;:&quot;&quot;,&quot;sizes&quot;:[]}}\" data-widget_type=\"image.default\">\n\t\t\t\t\t\t\t\t\t\t\t\t\t\t\t<img fetchpriority=\"high\" decoding=\"async\" width=\"1024\" height=\"683\" src=\"https:\/\/myaiagenthub.com\/wp-content\/uploads\/2026\/04\/DealFlow-Analyzer-1024x683.png\" class=\"attachment-large size-large wp-image-1753\" alt=\"\" srcset=\"https:\/\/myaiagenthub.com\/wp-content\/uploads\/2026\/04\/DealFlow-Analyzer-1024x683.png 1024w, https:\/\/myaiagenthub.com\/wp-content\/uploads\/2026\/04\/DealFlow-Analyzer-300x200.png 300w, https:\/\/myaiagenthub.com\/wp-content\/uploads\/2026\/04\/DealFlow-Analyzer-768x512.png 768w, https:\/\/myaiagenthub.com\/wp-content\/uploads\/2026\/04\/DealFlow-Analyzer.png 1536w\" sizes=\"(max-width: 1024px) 100vw, 1024px\" \/>\t\t\t\t\t\t\t\t\t\t\t\t\t\t\t<\/div>\n\t\t\t\t<div class=\"elementor-element elementor-element-5d98ece elementor-widget elementor-widget-heading\" data-id=\"5d98ece\" data-element_type=\"widget\" data-e-type=\"widget\" data-widget_type=\"heading.default\">\n\t\t\t\t\t<h2 class=\"elementor-heading-title elementor-size-default\">Analizador de DealFlow<\/h2>\t\t\t\t<\/div>\n\t\t\t\t<div class=\"elementor-element elementor-element-a6660b6 elementor-widget elementor-widget-text-editor\" data-id=\"a6660b6\" data-element_type=\"widget\" data-e-type=\"widget\" data-widget_type=\"text-editor.default\">\n\t\t\t\t\t\t\t\t\t<p>Pega tus acuerdos de propiedad y ve al instante la ganancia, el retorno de la inversi\u00f3n y una clara decisi\u00f3n de comprar o rechazar.<\/p>\t\t\t\t\t\t\t\t<\/div>\n\t\t\t\t<div class=\"elementor-element elementor-element-688bd9c elementor-widget elementor-widget-text-editor\" data-id=\"688bd9c\" data-element_type=\"widget\" data-e-type=\"widget\" data-widget_type=\"text-editor.default\">\n\t\t\t\t\t\t\t\t\t<p>\u00a0C\u00e1lculos de ganancias instant\u00e1neas, ROI y MAO para cada operaci\u00f3n<\/p>\t\t\t\t\t\t\t\t<\/div>\n\t\t\t\t<div class=\"elementor-element elementor-element-c2f85a0 elementor-widget elementor-widget-text-editor\" data-id=\"c2f85a0\" data-element_type=\"widget\" data-e-type=\"widget\" data-widget_type=\"text-editor.default\">\n\t\t\t\t\t\t\t\t\t<p>\u2714\ufe0f Decisi\u00f3n clara de comprar o pasar en segundos<\/p>\t\t\t\t\t\t\t\t<\/div>\n\t\t\t\t<div class=\"elementor-element elementor-element-9a99168 elementor-widget elementor-widget-text-editor\" data-id=\"9a99168\" data-element_type=\"widget\" data-e-type=\"widget\" data-widget_type=\"text-editor.default\">\n\t\t\t\t\t\t\t\t\t<p>\u2714\ufe0f Elimina ofertas malas antes de malgastar dinero<\/p>\t\t\t\t\t\t\t\t<\/div>\n\t\t\t\t<div class=\"elementor-element elementor-element-49fa76e elementor-align-center elementor-widget elementor-widget-button\" data-id=\"49fa76e\" data-element_type=\"widget\" data-e-type=\"widget\" data-widget_type=\"button.default\">\n\t\t\t\t\t\t\t\t\t\t<a class=\"elementor-button elementor-button-link elementor-size-sm\" href=\"https:\/\/myaiagenthub.com\/es\/dealflow-analyzer\/\">\n\t\t\t\t\t\t<span class=\"elementor-button-content-wrapper\">\n\t\t\t\t\t\t\t\t\t<span class=\"elementor-button-text\">Comenzar a analizar ofertas<\/span>\n\t\t\t\t\t<\/span>\n\t\t\t\t\t<\/a>\n\t\t\t\t\t\t\t\t<\/div>\n\t\t\t\t<\/div>\n\t\t<div class=\"elementor-element elementor-element-3c939d1 e-con-full e-flex e-con e-child\" data-id=\"3c939d1\" data-element_type=\"container\" data-e-type=\"container\">\n\t\t\t\t<div class=\"elementor-element elementor-element-ee2c877 e-transform elementor-widget elementor-widget-image\" data-id=\"ee2c877\" data-element_type=\"widget\" data-e-type=\"widget\" data-settings=\"{&quot;_transform_scale_effect_hover&quot;:{&quot;unit&quot;:&quot;px&quot;,&quot;size&quot;:1.399999999999999911182158029987476766109466552734375,&quot;sizes&quot;:[]},&quot;_transform_scale_effect_hover_tablet&quot;:{&quot;unit&quot;:&quot;px&quot;,&quot;size&quot;:&quot;&quot;,&quot;sizes&quot;:[]},&quot;_transform_scale_effect_hover_mobile&quot;:{&quot;unit&quot;:&quot;px&quot;,&quot;size&quot;:&quot;&quot;,&quot;sizes&quot;:[]}}\" data-widget_type=\"image.default\">\n\t\t\t\t\t\t\t\t\t\t\t\t\t\t\t<img decoding=\"async\" width=\"1024\" height=\"683\" src=\"https:\/\/myaiagenthub.com\/wp-content\/uploads\/2026\/04\/AI-Video-Creator-1024x683.png\" class=\"attachment-large size-large wp-image-1754\" alt=\"\" srcset=\"https:\/\/myaiagenthub.com\/wp-content\/uploads\/2026\/04\/AI-Video-Creator-1024x683.png 1024w, https:\/\/myaiagenthub.com\/wp-content\/uploads\/2026\/04\/AI-Video-Creator-300x200.png 300w, https:\/\/myaiagenthub.com\/wp-content\/uploads\/2026\/04\/AI-Video-Creator-768x512.png 768w, https:\/\/myaiagenthub.com\/wp-content\/uploads\/2026\/04\/AI-Video-Creator.png 1536w\" sizes=\"(max-width: 1024px) 100vw, 1024px\" \/>\t\t\t\t\t\t\t\t\t\t\t\t\t\t\t<\/div>\n\t\t\t\t<div class=\"elementor-element elementor-element-de9e365 elementor-widget elementor-widget-heading\" data-id=\"de9e365\" data-element_type=\"widget\" data-e-type=\"widget\" data-widget_type=\"heading.default\">\n\t\t\t\t\t<h2 class=\"elementor-heading-title elementor-size-default\">Agente Creador de Videos<\/h2>\t\t\t\t<\/div>\n\t\t\t\t<div class=\"elementor-element elementor-element-dc0e195 elementor-widget elementor-widget-text-editor\" data-id=\"dc0e195\" data-element_type=\"widget\" data-e-type=\"widget\" data-widget_type=\"text-editor.default\">\n\t\t\t\t\t\t\t\t\t<p>Crea videos de alta calidad en minutos usando guiones e ideas de contenido generados por IA.<\/p>\t\t\t\t\t\t\t\t<\/div>\n\t\t\t\t<div class=\"elementor-element elementor-element-0ac4b01 elementor-widget elementor-widget-text-editor\" data-id=\"0ac4b01\" data-element_type=\"widget\" data-e-type=\"widget\" data-widget_type=\"text-editor.default\">\n\t\t\t\t\t\t\t\t\t<p>*Guiones e ideas de video generados por IA<\/p>\t\t\t\t\t\t\t\t<\/div>\n\t\t\t\t<div class=\"elementor-element elementor-element-49b551f elementor-widget elementor-widget-text-editor\" data-id=\"49b551f\" data-element_type=\"widget\" data-e-type=\"widget\" data-widget_type=\"text-editor.default\">\n\t\t\t\t\t\t\t\t\t<p>Ahorra horas en la creaci\u00f3n de contenido<\/p>\t\t\t\t\t\t\t\t<\/div>\n\t\t\t\t<div class=\"elementor-element elementor-element-34eee13 elementor-widget elementor-widget-text-editor\" data-id=\"34eee13\" data-element_type=\"widget\" data-e-type=\"widget\" data-widget_type=\"text-editor.default\">\n\t\t\t\t\t\t\t\t\t<p>Crea videos atractivos m\u00e1s r\u00e1pido<\/p>\t\t\t\t\t\t\t\t<\/div>\n\t\t\t\t<div class=\"elementor-element elementor-element-b0bde08 elementor-align-center elementor-widget elementor-widget-button\" data-id=\"b0bde08\" data-element_type=\"widget\" data-e-type=\"widget\" data-widget_type=\"button.default\">\n\t\t\t\t\t\t\t\t\t\t<a class=\"elementor-button elementor-button-link elementor-size-sm\" href=\"https:\/\/myaiagenthub.com\/es\/video-creator-agent-2\/\">\n\t\t\t\t\t\t<span class=\"elementor-button-content-wrapper\">\n\t\t\t\t\t\t\t\t\t<span class=\"elementor-button-text\">Prueba Agente<\/span>\n\t\t\t\t\t<\/span>\n\t\t\t\t\t<\/a>\n\t\t\t\t\t\t\t\t<\/div>\n\t\t\t\t<\/div>\n\t\t<div class=\"elementor-element elementor-element-a4b2143 e-con-full e-flex e-con e-child\" data-id=\"a4b2143\" data-element_type=\"container\" data-e-type=\"container\">\n\t\t\t\t<div class=\"elementor-element elementor-element-dc7d26b e-transform elementor-widget elementor-widget-image\" data-id=\"dc7d26b\" data-element_type=\"widget\" data-e-type=\"widget\" data-settings=\"{&quot;_transform_scale_effect_hover&quot;:{&quot;unit&quot;:&quot;px&quot;,&quot;size&quot;:1.399999999999999911182158029987476766109466552734375,&quot;sizes&quot;:[]},&quot;_transform_scale_effect_hover_tablet&quot;:{&quot;unit&quot;:&quot;px&quot;,&quot;size&quot;:&quot;&quot;,&quot;sizes&quot;:[]},&quot;_transform_scale_effect_hover_mobile&quot;:{&quot;unit&quot;:&quot;px&quot;,&quot;size&quot;:&quot;&quot;,&quot;sizes&quot;:[]}}\" data-widget_type=\"image.default\">\n\t\t\t\t\t\t\t\t\t\t\t\t\t\t\t<img decoding=\"async\" width=\"1024\" height=\"683\" src=\"https:\/\/myaiagenthub.com\/wp-content\/uploads\/2026\/04\/AI-Small-Business-Automation-1024x683.png\" class=\"attachment-large size-large wp-image-1755\" alt=\"\" srcset=\"https:\/\/myaiagenthub.com\/wp-content\/uploads\/2026\/04\/AI-Small-Business-Automation-1024x683.png 1024w, https:\/\/myaiagenthub.com\/wp-content\/uploads\/2026\/04\/AI-Small-Business-Automation-300x200.png 300w, https:\/\/myaiagenthub.com\/wp-content\/uploads\/2026\/04\/AI-Small-Business-Automation-768x512.png 768w, https:\/\/myaiagenthub.com\/wp-content\/uploads\/2026\/04\/AI-Small-Business-Automation.png 1536w\" sizes=\"(max-width: 1024px) 100vw, 1024px\" \/>\t\t\t\t\t\t\t\t\t\t\t\t\t\t\t<\/div>\n\t\t\t\t<div class=\"elementor-element elementor-element-30348df elementor-widget elementor-widget-heading\" data-id=\"30348df\" data-element_type=\"widget\" data-e-type=\"widget\" data-widget_type=\"heading.default\">\n\t\t\t\t\t<h2 class=\"elementor-heading-title elementor-size-default\">Agente de peque\u00f1as empresas<\/h2>\t\t\t\t<\/div>\n\t\t\t\t<div class=\"elementor-element elementor-element-cf497ec elementor-widget elementor-widget-text-editor\" data-id=\"cf497ec\" data-element_type=\"widget\" data-e-type=\"widget\" data-widget_type=\"text-editor.default\">\n\t\t\t\t\t\t\t\t\t<p>Automatiza tareas diarias, gestiona operaciones y ahorra tiempo con herramientas de IA dise\u00f1adas para ayudar a que tu negocio funcione mejor y crezca m\u00e1s r\u00e1pido.<\/p>\t\t\t\t\t\t\t\t<\/div>\n\t\t\t\t<div class=\"elementor-element elementor-element-19644ac elementor-widget elementor-widget-text-editor\" data-id=\"19644ac\" data-element_type=\"widget\" data-e-type=\"widget\" data-widget_type=\"text-editor.default\">\n\t\t\t\t\t\t\t\t\t<p>Automatizar tareas repetitivas<\/p>\t\t\t\t\t\t\t\t<\/div>\n\t\t\t\t<div class=\"elementor-element elementor-element-cb9b1b1 elementor-widget elementor-widget-text-editor\" data-id=\"cb9b1b1\" data-element_type=\"widget\" data-e-type=\"widget\" data-widget_type=\"text-editor.default\">\n\t\t\t\t\t\t\t\t\t<p>Mejorar la productividad y la eficiencia<\/p>\t\t\t\t\t\t\t\t<\/div>\n\t\t\t\t<div class=\"elementor-element elementor-element-02b1b2a elementor-widget elementor-widget-text-editor\" data-id=\"02b1b2a\" data-element_type=\"widget\" data-e-type=\"widget\" data-widget_type=\"text-editor.default\">\n\t\t\t\t\t\t\t\t\t<p>Ahorra tiempo administrando tu negocio<\/p>\t\t\t\t\t\t\t\t<\/div>\n\t\t\t\t<div class=\"elementor-element elementor-element-2dd07de elementor-align-center elementor-widget elementor-widget-button\" data-id=\"2dd07de\" data-element_type=\"widget\" data-e-type=\"widget\" data-widget_type=\"button.default\">\n\t\t\t\t\t\t\t\t\t\t<a class=\"elementor-button elementor-button-link elementor-size-sm\" href=\"https:\/\/myaiagenthub.com\/es\/small-business-agent\/\">\n\t\t\t\t\t\t<span class=\"elementor-button-content-wrapper\">\n\t\t\t\t\t\t\t\t\t<span class=\"elementor-button-text\">Prueba Agente<\/span>\n\t\t\t\t\t<\/span>\n\t\t\t\t\t<\/a>\n\t\t\t\t\t\t\t\t<\/div>\n\t\t\t\t<\/div>\n\t\t\t\t\t<\/div>\n\t\t\t\t<\/div>\n\t\t<div class=\"elementor-element elementor-element-30d290a e-flex e-con-boxed e-con e-parent\" data-id=\"30d290a\" data-element_type=\"container\" data-e-type=\"container\">\n\t\t\t\t\t<div class=\"e-con-inner\">\n\t\t<div class=\"elementor-element elementor-element-13796af e-con-full e-flex e-con e-child\" data-id=\"13796af\" data-element_type=\"container\" data-e-type=\"container\">\n\t\t\t\t<div class=\"elementor-element elementor-element-0766486 e-transform elementor-widget elementor-widget-image\" data-id=\"0766486\" data-element_type=\"widget\" data-e-type=\"widget\" data-settings=\"{&quot;_transform_scale_effect_hover&quot;:{&quot;unit&quot;:&quot;px&quot;,&quot;size&quot;:1.399999999999999911182158029987476766109466552734375,&quot;sizes&quot;:[]},&quot;_transform_scale_effect_hover_tablet&quot;:{&quot;unit&quot;:&quot;px&quot;,&quot;size&quot;:&quot;&quot;,&quot;sizes&quot;:[]},&quot;_transform_scale_effect_hover_mobile&quot;:{&quot;unit&quot;:&quot;px&quot;,&quot;size&quot;:&quot;&quot;,&quot;sizes&quot;:[]}}\" data-widget_type=\"image.default\">\n\t\t\t\t\t\t\t\t\t\t\t\t\t\t\t<img loading=\"lazy\" decoding=\"async\" width=\"1024\" height=\"683\" src=\"https:\/\/myaiagenthub.com\/wp-content\/uploads\/2026\/04\/Prompt-Builder-Agent-1024x683.png\" class=\"attachment-large size-large wp-image-1783\" alt=\"\" srcset=\"https:\/\/myaiagenthub.com\/wp-content\/uploads\/2026\/04\/Prompt-Builder-Agent-1024x683.png 1024w, https:\/\/myaiagenthub.com\/wp-content\/uploads\/2026\/04\/Prompt-Builder-Agent-300x200.png 300w, https:\/\/myaiagenthub.com\/wp-content\/uploads\/2026\/04\/Prompt-Builder-Agent-768x512.png 768w, https:\/\/myaiagenthub.com\/wp-content\/uploads\/2026\/04\/Prompt-Builder-Agent.png 1536w\" sizes=\"(max-width: 1024px) 100vw, 1024px\" \/>\t\t\t\t\t\t\t\t\t\t\t\t\t\t\t<\/div>\n\t\t\t\t<div class=\"elementor-element elementor-element-fccc140 elementor-widget elementor-widget-heading\" data-id=\"fccc140\" data-element_type=\"widget\" data-e-type=\"widget\" data-widget_type=\"heading.default\">\n\t\t\t\t\t<h2 class=\"elementor-heading-title elementor-size-default\">Agente Constructor de Prompts<\/h2>\t\t\t\t<\/div>\n\t\t\t\t<div class=\"elementor-element elementor-element-5bdef52 elementor-widget elementor-widget-text-editor\" data-id=\"5bdef52\" data-element_type=\"widget\" data-e-type=\"widget\" data-widget_type=\"text-editor.default\">\n\t\t\t\t\t\t\t\t\t<p>Crea prompts claros y potentes en segundos. El Agente Constructor de Prompts te ayuda a convertir ideas sencillas en entradas estructuradas para obtener mejores resultados de IA, de forma r\u00e1pida, f\u00e1cil y efectiva.<\/p>\t\t\t\t\t\t\t\t<\/div>\n\t\t\t\t<div class=\"elementor-element elementor-element-82d336a elementor-widget elementor-widget-text-editor\" data-id=\"82d336a\" data-element_type=\"widget\" data-e-type=\"widget\" data-widget_type=\"text-editor.default\">\n\t\t\t\t\t\t\t\t\t<p>Crea indicaciones claras y estructuradas r\u00e1pidamente<\/p>\t\t\t\t\t\t\t\t<\/div>\n\t\t\t\t<div class=\"elementor-element elementor-element-43cc803 elementor-widget elementor-widget-text-editor\" data-id=\"43cc803\" data-element_type=\"widget\" data-e-type=\"widget\" data-widget_type=\"text-editor.default\">\n\t\t\t\t\t\t\t\t\t<p>Mejorar la precisi\u00f3n de la IA y obtener mejores resultados<\/p>\t\t\t\t\t\t\t\t<\/div>\n\t\t\t\t<div class=\"elementor-element elementor-element-00c0507 elementor-widget elementor-widget-text-editor\" data-id=\"00c0507\" data-element_type=\"widget\" data-e-type=\"widget\" data-widget_type=\"text-editor.default\">\n\t\t\t\t\t\t\t\t\t<p>Ahorra tiempo con formatos de prompt listos para usar<\/p>\t\t\t\t\t\t\t\t<\/div>\n\t\t\t\t<div class=\"elementor-element elementor-element-209e713 elementor-align-center elementor-widget elementor-widget-button\" data-id=\"209e713\" data-element_type=\"widget\" data-e-type=\"widget\" data-widget_type=\"button.default\">\n\t\t\t\t\t\t\t\t\t\t<a class=\"elementor-button elementor-button-link elementor-size-sm\" href=\"https:\/\/myaiagenthub.com\/es\/try-prompt-builder-agent\/\">\n\t\t\t\t\t\t<span class=\"elementor-button-content-wrapper\">\n\t\t\t\t\t\t\t\t\t<span class=\"elementor-button-text\">Construye tu prompt ahora<\/span>\n\t\t\t\t\t<\/span>\n\t\t\t\t\t<\/a>\n\t\t\t\t\t\t\t\t<\/div>\n\t\t\t\t<\/div>\n\t\t<div class=\"elementor-element elementor-element-77beb0c e-con-full e-flex e-con e-child\" data-id=\"77beb0c\" data-element_type=\"container\" data-e-type=\"container\">\n\t\t\t\t<div class=\"elementor-element elementor-element-6b40dbd e-transform elementor-widget elementor-widget-image\" data-id=\"6b40dbd\" data-element_type=\"widget\" data-e-type=\"widget\" data-settings=\"{&quot;_transform_scale_effect_hover&quot;:{&quot;unit&quot;:&quot;px&quot;,&quot;size&quot;:1.399999999999999911182158029987476766109466552734375,&quot;sizes&quot;:[]},&quot;_transform_scale_effect_hover_tablet&quot;:{&quot;unit&quot;:&quot;px&quot;,&quot;size&quot;:&quot;&quot;,&quot;sizes&quot;:[]},&quot;_transform_scale_effect_hover_mobile&quot;:{&quot;unit&quot;:&quot;px&quot;,&quot;size&quot;:&quot;&quot;,&quot;sizes&quot;:[]}}\" data-widget_type=\"image.default\">\n\t\t\t\t\t\t\t\t\t\t\t\t\t\t\t<img loading=\"lazy\" decoding=\"async\" width=\"1024\" height=\"683\" src=\"https:\/\/myaiagenthub.com\/wp-content\/uploads\/2026\/04\/Lead-Generation-Agent-1024x683.png\" class=\"attachment-large size-large wp-image-1756\" alt=\"\" srcset=\"https:\/\/myaiagenthub.com\/wp-content\/uploads\/2026\/04\/Lead-Generation-Agent-1024x683.png 1024w, https:\/\/myaiagenthub.com\/wp-content\/uploads\/2026\/04\/Lead-Generation-Agent-300x200.png 300w, https:\/\/myaiagenthub.com\/wp-content\/uploads\/2026\/04\/Lead-Generation-Agent-768x512.png 768w, https:\/\/myaiagenthub.com\/wp-content\/uploads\/2026\/04\/Lead-Generation-Agent.png 1536w\" sizes=\"(max-width: 1024px) 100vw, 1024px\" \/>\t\t\t\t\t\t\t\t\t\t\t\t\t\t\t<\/div>\n\t\t\t\t<div class=\"elementor-element elementor-element-2fba447 elementor-widget elementor-widget-heading\" data-id=\"2fba447\" data-element_type=\"widget\" data-e-type=\"widget\" data-widget_type=\"heading.default\">\n\t\t\t\t\t<h2 class=\"elementor-heading-title elementor-size-default\">Agente de Generaci\u00f3n de Leads<\/h2>\t\t\t\t<\/div>\n\t\t\t\t<div class=\"elementor-element elementor-element-82e9608 elementor-widget elementor-widget-text-editor\" data-id=\"82e9608\" data-element_type=\"widget\" data-e-type=\"widget\" data-widget_type=\"text-editor.default\">\n\t\t\t\t\t\t\t\t\t<p>Encuentra leads de alta calidad en segundos y obt\u00e9n la informaci\u00f3n que necesitas para contactar y cerrar m\u00e1s ventas.<\/p>\t\t\t\t\t\t\t\t<\/div>\n\t\t\t\t<div class=\"elementor-element elementor-element-ac55334 elementor-widget elementor-widget-text-editor\" data-id=\"ac55334\" data-element_type=\"widget\" data-e-type=\"widget\" data-widget_type=\"text-editor.default\">\n\t\t\t\t\t\t\t\t\t<p>Descubra clientes potenciales dirigidos r\u00e1pidamente<\/p>\t\t\t\t\t\t\t\t<\/div>\n\t\t\t\t<div class=\"elementor-element elementor-element-4817e5b elementor-widget elementor-widget-text-editor\" data-id=\"4817e5b\" data-element_type=\"widget\" data-e-type=\"widget\" data-widget_type=\"text-editor.default\">\n\t\t\t\t\t\t\t\t\t<p>*Recopilar datos de contacto clave autom\u00e1ticamente<\/p>\t\t\t\t\t\t\t\t<\/div>\n\t\t\t\t<div class=\"elementor-element elementor-element-2747f50 elementor-widget elementor-widget-text-editor\" data-id=\"2747f50\" data-element_type=\"widget\" data-e-type=\"widget\" data-widget_type=\"text-editor.default\">\n\t\t\t\t\t\t\t\t\t<p>Ahorra tiempo encontrando nuevas oportunidades<\/p><p data-start=\"829\" data-end=\"852\">\u00a0<\/p>\t\t\t\t\t\t\t\t<\/div>\n\t\t\t\t<div class=\"elementor-element elementor-element-f2d1d5a elementor-align-center elementor-widget elementor-widget-button\" data-id=\"f2d1d5a\" data-element_type=\"widget\" data-e-type=\"widget\" data-widget_type=\"button.default\">\n\t\t\t\t\t\t\t\t\t\t<a class=\"elementor-button elementor-button-link elementor-size-sm\" href=\"https:\/\/myaiagenthub.com\/es\/try-lead-generation-agent\/\">\n\t\t\t\t\t\t<span class=\"elementor-button-content-wrapper\">\n\t\t\t\t\t\t\t\t\t<span class=\"elementor-button-text\">Prueba Agente<\/span>\n\t\t\t\t\t<\/span>\n\t\t\t\t\t<\/a>\n\t\t\t\t\t\t\t\t<\/div>\n\t\t\t\t<\/div>\n\t\t<div class=\"elementor-element elementor-element-3d6e08e e-con-full e-flex e-con e-child\" data-id=\"3d6e08e\" data-element_type=\"container\" data-e-type=\"container\">\n\t\t\t\t<div class=\"elementor-element elementor-element-aefe5ec e-transform elementor-widget elementor-widget-image\" data-id=\"aefe5ec\" data-element_type=\"widget\" data-e-type=\"widget\" data-settings=\"{&quot;_transform_scale_effect_hover&quot;:{&quot;unit&quot;:&quot;px&quot;,&quot;size&quot;:1.399999999999999911182158029987476766109466552734375,&quot;sizes&quot;:[]},&quot;_transform_scale_effect_hover_tablet&quot;:{&quot;unit&quot;:&quot;px&quot;,&quot;size&quot;:&quot;&quot;,&quot;sizes&quot;:[]},&quot;_transform_scale_effect_hover_mobile&quot;:{&quot;unit&quot;:&quot;px&quot;,&quot;size&quot;:&quot;&quot;,&quot;sizes&quot;:[]}}\" data-widget_type=\"image.default\">\n\t\t\t\t\t\t\t\t\t\t\t\t\t\t\t<img loading=\"lazy\" decoding=\"async\" width=\"1024\" height=\"683\" src=\"https:\/\/myaiagenthub.com\/wp-content\/uploads\/2026\/04\/Viral-Content-Agent-1024x683.png\" class=\"attachment-large size-large wp-image-1656\" alt=\"\" srcset=\"https:\/\/myaiagenthub.com\/wp-content\/uploads\/2026\/04\/Viral-Content-Agent-1024x683.png 1024w, https:\/\/myaiagenthub.com\/wp-content\/uploads\/2026\/04\/Viral-Content-Agent-300x200.png 300w, https:\/\/myaiagenthub.com\/wp-content\/uploads\/2026\/04\/Viral-Content-Agent-768x512.png 768w, https:\/\/myaiagenthub.com\/wp-content\/uploads\/2026\/04\/Viral-Content-Agent.png 1536w\" sizes=\"(max-width: 1024px) 100vw, 1024px\" \/>\t\t\t\t\t\t\t\t\t\t\t\t\t\t\t<\/div>\n\t\t\t\t<div class=\"elementor-element elementor-element-8fc2e98 elementor-widget elementor-widget-heading\" data-id=\"8fc2e98\" data-element_type=\"widget\" data-e-type=\"widget\" data-widget_type=\"heading.default\">\n\t\t\t\t\t<h2 class=\"elementor-heading-title elementor-size-default\">Agente de Contenido Viral<\/h2>\t\t\t\t<\/div>\n\t\t\t\t<div class=\"elementor-element elementor-element-8ac8902 elementor-widget elementor-widget-text-editor\" data-id=\"8ac8902\" data-element_type=\"widget\" data-e-type=\"widget\" data-widget_type=\"text-editor.default\">\n\t\t\t\t\t\t\t\t\t<p data-start=\"494\" data-end=\"555\">Crea ideas de video, ganchos, descripciones y hashtags en segundos. El Agente de Contenido Viral te ayuda a planificar y crear contenido para. <strong>TikTok<\/strong>, <strong>Instagram<\/strong>, y <strong>YouTube<\/strong>\u2014para que puedas crecer m\u00e1s r\u00e1pido y mantener la constancia.<\/p>\t\t\t\t\t\t\t\t<\/div>\n\t\t\t\t<div class=\"elementor-element elementor-element-ba511c8 elementor-widget elementor-widget-text-editor\" data-id=\"ba511c8\" data-element_type=\"widget\" data-e-type=\"widget\" data-widget_type=\"text-editor.default\">\n\t\t\t\t\t\t\t\t\t<p data-start=\"494\" data-end=\"555\">\u2714 Genera ideas de videos virales al instante<br data-start=\"752\" data-end=\"755\" \/>\u2714 Crea ganchos que detengan el desplazamiento<br data-start=\"785\" data-end=\"788\" \/>\u2714 Obt\u00e9n subt\u00edtulos y hashtags listos para usar<br data-start=\"828\" data-end=\"831\" \/>\u2714 Ahorra tiempo y publica consistentemente<\/p>\t\t\t\t\t\t\t\t<\/div>\n\t\t\t\t<div class=\"elementor-element elementor-element-abf350e elementor-align-center elementor-widget elementor-widget-button\" data-id=\"abf350e\" data-element_type=\"widget\" data-e-type=\"widget\" data-widget_type=\"button.default\">\n\t\t\t\t\t\t\t\t\t\t<a class=\"elementor-button elementor-button-link elementor-size-sm\" href=\"https:\/\/myaiagenthub.com\/es\/viral-content-agent\/\">\n\t\t\t\t\t\t<span class=\"elementor-button-content-wrapper\">\n\t\t\t\t\t\t\t\t\t<span class=\"elementor-button-text\">Comenzar a crear contenido<\/span>\n\t\t\t\t\t<\/span>\n\t\t\t\t\t<\/a>\n\t\t\t\t\t\t\t\t<\/div>\n\t\t\t\t<\/div>\n\t\t\t\t\t<\/div>\n\t\t\t\t<\/div>\n\t\t\t\t<\/div>","protected":false},"excerpt":{"rendered":"<p>Our AI Agents Page DealFlow Analyzer Paste your property deals and instantly see profit, ROI, and a clear buy or pass decision. \u00a0Instant profit, ROI &amp; MAO calculations for every deal \u2714\ufe0f Clear buy or pass decision in seconds \u2714\ufe0f Eliminate bad deals before wasting money Start Analyzing Deals Video Creator Agent Create high-quality videos [&hellip;]<\/p>\n","protected":false},"author":1,"featured_media":0,"parent":0,"menu_order":0,"comment_status":"closed","ping_status":"closed","template":"","meta":{"footnotes":""},"class_list":["post-1087","page","type-page","status-publish","hentry"],"blocksy_meta":[],"_links":{"self":[{"href":"https:\/\/myaiagenthub.com\/es\/wp-json\/wp\/v2\/pages\/1087","targetHints":{"allow":["GET"]}}],"collection":[{"href":"https:\/\/myaiagenthub.com\/es\/wp-json\/wp\/v2\/pages"}],"about":[{"href":"https:\/\/myaiagenthub.com\/es\/wp-json\/wp\/v2\/types\/page"}],"author":[{"embeddable":true,"href":"https:\/\/myaiagenthub.com\/es\/wp-json\/wp\/v2\/users\/1"}],"replies":[{"embeddable":true,"href":"https:\/\/myaiagenthub.com\/es\/wp-json\/wp\/v2\/comments?post=1087"}],"version-history":[{"count":17,"href":"https:\/\/myaiagenthub.com\/es\/wp-json\/wp\/v2\/pages\/1087\/revisions"}],"predecessor-version":[{"id":2130,"href":"https:\/\/myaiagenthub.com\/es\/wp-json\/wp\/v2\/pages\/1087\/revisions\/2130"}],"wp:attachment":[{"href":"https:\/\/myaiagenthub.com\/es\/wp-json\/wp\/v2\/media?parent=1087"}],"curies":[{"name":"wp","href":"https:\/\/api.w.org\/{rel}","templated":true}]}}